{"id":12070,"date":"2025-04-23T15:38:21","date_gmt":"2025-04-23T15:38:21","guid":{"rendered":"https:\/\/www.dicargo.pt\/?page_id=12070"},"modified":"2025-04-23T15:41:00","modified_gmt":"2025-04-23T15:41:00","slug":"recrutamento","status":"publish","type":"page","link":"https:\/\/www.dicargo.pt\/en\/recrutamento\/","title":{"rendered":"Recruitment"},"content":{"rendered":"\t\t<div data-elementor-type=\"wp-page\" data-elementor-id=\"12070\" class=\"elementor elementor-12070\">\n\t\t\t\t<div class=\"elementor-element elementor-element-e0f7427 e-flex e-con-boxed rt-parallax-bg-no wpr-particle-no wpr-jarallax-no wpr-parallax-no wpr-sticky-section-no wpr-equal-height-no e-con e-parent\" data-id=\"e0f7427\" data-element_type=\"container\" data-e-type=\"container\" data-settings=\"{&quot;background_background&quot;:&quot;classic&quot;}\">\n\t\t\t\t\t<div class=\"e-con-inner\">\n\t\t\t\t<div class=\"elementor-element elementor-element-10bec64 elementor-widget elementor-widget-text-editor\" data-id=\"10bec64\" data-element_type=\"widget\" data-e-type=\"widget\" data-widget_type=\"text-editor.default\">\n\t\t\t\t<div class=\"elementor-widget-container\">\n\t\t\t\t\t\t\t\t\t<p><span data-mce-type=\"bookmark\" style=\"display: inline-block; width: 0px; overflow: hidden; line-height: 0;\" class=\"mce_SELRES_start\">\ufeff<\/span><a style=\"color: #00562d;\" href=\"https:\/\/www.dicargo.pt\/home\/\">Home<\/a> \u00a0\u25cf \u00a0<strong>RECRUTAMENTO<\/strong><\/p>\t\t\t\t\t\t\t\t<\/div>\n\t\t\t\t<\/div>\n\t\t\t\t\t<\/div>\n\t\t\t\t<\/div>\n\t\t<div class=\"elementor-element elementor-element-768c378 e-flex e-con-boxed rt-parallax-bg-no wpr-particle-no wpr-jarallax-no wpr-parallax-no wpr-sticky-section-no wpr-equal-height-no e-con e-parent\" data-id=\"768c378\" data-element_type=\"container\" data-e-type=\"container\">\n\t\t\t\t\t<div class=\"e-con-inner\">\n\t\t\t\t<div class=\"elementor-element elementor-element-97a46c8 elementor-widget elementor-widget-text-editor\" data-id=\"97a46c8\" data-element_type=\"widget\" data-e-type=\"widget\" data-widget_type=\"text-editor.default\">\n\t\t\t\t<div class=\"elementor-widget-container\">\n\t\t\t\t\t\t\t\t\t<p class=\"\" data-start=\"73\" data-end=\"301\"><strong data-start=\"73\" data-end=\"101\">Junte-se \u00e0 nossa equipa.<\/strong><br data-start=\"101\" data-end=\"104\" \/>Envie-nos um e-mail ou preencha o formul\u00e1rio dispon\u00edvel para se candidatar \u00e0 oportunidade apresentada ou submeter uma candidatura espont\u00e2nea. Entraremos em contacto com a maior brevidade poss\u00edvel.<\/p>\t\t\t\t\t\t\t\t<\/div>\n\t\t\t\t<\/div>\n\t\t\t\t\t<\/div>\n\t\t\t\t<\/div>\n\t\t<div class=\"elementor-element elementor-element-bdd8a4f e-flex e-con-boxed rt-parallax-bg-no wpr-particle-no wpr-jarallax-no wpr-parallax-no wpr-sticky-section-no wpr-equal-height-no e-con e-parent\" data-id=\"bdd8a4f\" data-element_type=\"container\" data-e-type=\"container\">\n\t\t\t\t\t<div class=\"e-con-inner\">\n\t\t<div class=\"elementor-element elementor-element-97cbc98 e-con-full e-flex rt-parallax-bg-no wpr-particle-no wpr-jarallax-no wpr-parallax-no wpr-sticky-section-no wpr-equal-height-no e-con e-child\" data-id=\"97cbc98\" data-element_type=\"container\" data-e-type=\"container\" data-settings=\"{&quot;background_background&quot;:&quot;classic&quot;}\">\n\t\t<div class=\"elementor-element elementor-element-71dad45 e-con-full e-flex rt-parallax-bg-no wpr-particle-no wpr-jarallax-no wpr-parallax-no wpr-sticky-section-no wpr-equal-height-no e-con e-child\" data-id=\"71dad45\" data-element_type=\"container\" data-e-type=\"container\" data-settings=\"{&quot;background_background&quot;:&quot;classic&quot;}\">\n\t\t<div class=\"elementor-element elementor-element-0fb5f19 e-con-full e-flex rt-parallax-bg-no wpr-particle-no wpr-jarallax-no wpr-parallax-no wpr-sticky-section-no wpr-equal-height-no e-con e-child\" data-id=\"0fb5f19\" data-element_type=\"container\" data-e-type=\"container\">\n\t\t\t\t<div class=\"elementor-element elementor-element-90fc7cd elementor-invisible elementor-widget elementor-widget-rt-contact-info\" data-id=\"90fc7cd\" data-element_type=\"widget\" data-e-type=\"widget\" data-widget_type=\"rt-contact-info.default\">\n\t\t\t\t<div class=\"elementor-widget-container\">\n\t\t\t\t\t\r\n\r\n<div class=\"rt-contact-info wow-off fadeInUp\" data-wow-delay=\"200ms\" data-wow-duration=\"1200ms\">\r\n    <div class=\"content-holder\">\r\n                    <h3 class=\"info-title\">Oportunidade<\/h3>\r\n                            <p> Motorista de transportes pesados de mercadorias<\/p>\r\n                <ul class=\"contact-list list-vertical\">\r\n            \r\n            <li class=\"list phone-no\">\r\n                                    <a href=\"tel:\"><\/a>\r\n                            <\/li>\r\n                    <\/ul>\r\n    <\/div>\r\n<\/div>\t\t\t\t<\/div>\n\t\t\t\t<\/div>\n\t\t\t\t<div class=\"elementor-element elementor-element-a409fbc elementor-invisible elementor-widget elementor-widget-rt-contact-info\" data-id=\"a409fbc\" data-element_type=\"widget\" data-e-type=\"widget\" data-widget_type=\"rt-contact-info.default\">\n\t\t\t\t<div class=\"elementor-widget-container\">\n\t\t\t\t\t\r\n\r\n<div class=\"rt-contact-info wow-off fadeInUp\" data-wow-delay=\"200ms\" data-wow-duration=\"1200ms\">\r\n    <div class=\"content-holder\">\r\n                    <h3 class=\"info-title\">Requisitos<\/h3>\r\n                            <p> \u2022 Din\u00e2mico e respons\u00e1vel;<br>\n\u2022 Carta de condu\u00e7\u00e3o CE (Pesados articulados);<br>\n\u2022 Forma\u00e7\u00e3o m\u00ednima 9\u00ba ano de escolaridade;<br>\n\u2022 CQM.<\/p>\r\n                <ul class=\"contact-list list-vertical\">\r\n            \r\n            <li class=\"list phone-no\">\r\n                                    <a href=\"tel:\"><\/a>\r\n                            <\/li>\r\n                    <\/ul>\r\n    <\/div>\r\n<\/div>\t\t\t\t<\/div>\n\t\t\t\t<\/div>\n\t\t\t\t<div class=\"elementor-element elementor-element-0fe7627 elementor-invisible elementor-widget elementor-widget-rt-contact-info\" data-id=\"0fe7627\" data-element_type=\"widget\" data-e-type=\"widget\" data-widget_type=\"rt-contact-info.default\">\n\t\t\t\t<div class=\"elementor-widget-container\">\n\t\t\t\t\t\r\n\r\n<div class=\"rt-contact-info wow-off fadeInUp\" data-wow-delay=\"200ms\" data-wow-duration=\"1200ms\">\r\n    <div class=\"content-holder\">\r\n                    <h3 class=\"info-title\">Oferece-se<\/h3>\r\n                            <p> \u2022 Condi\u00e7\u00f5es de remunera\u00e7\u00e3o acima da m\u00e9dia;<br>\n\u2022 Forma\u00e7\u00e3o cont\u00ednua; <br>\n\u2022 Integra\u00e7\u00e3o numa equipa s\u00f3lida e din\u00e2mica.<\/p>\r\n                <ul class=\"contact-list list-vertical\">\r\n            \r\n            <li class=\"list phone-no\">\r\n                                    <a href=\"tel:\"><\/a>\r\n                            <\/li>\r\n                    <\/ul>\r\n    <\/div>\r\n<\/div>\t\t\t\t<\/div>\n\t\t\t\t<\/div>\n\t\t\t\t<div class=\"elementor-element elementor-element-c9e794c elementor-invisible elementor-widget elementor-widget-rt-contact-info\" data-id=\"c9e794c\" data-element_type=\"widget\" data-e-type=\"widget\" data-widget_type=\"rt-contact-info.default\">\n\t\t\t\t<div class=\"elementor-widget-container\">\n\t\t\t\t\t\r\n\r\n<div class=\"rt-contact-info wow-off fadeInUp\" data-wow-delay=\"200ms\" data-wow-duration=\"1200ms\">\r\n    <div class=\"content-holder\">\r\n                    <h3 class=\"info-title\">E-MAIL PARA ENVIO DE CANDIDATURAS<\/h3>\r\n                            <p> recrutamento@dicargo.pt<\/p>\r\n                <ul class=\"contact-list list-vertical\">\r\n            \r\n            <li class=\"list phone-no\">\r\n                                    <a href=\"tel:\"><\/a>\r\n                            <\/li>\r\n                    <\/ul>\r\n    <\/div>\r\n<\/div>\t\t\t\t<\/div>\n\t\t\t\t<\/div>\n\t\t\t\t<div class=\"elementor-element elementor-element-077c676 elementor-widget elementor-widget-text-editor\" data-id=\"077c676\" data-element_type=\"widget\" data-e-type=\"widget\" data-widget_type=\"text-editor.default\">\n\t\t\t\t<div class=\"elementor-widget-container\">\n\t\t\t\t\t\t\t\t\t<p><em>As candidaturas \u00e0s nossas ofertas de emprego, assim como toda a informa\u00e7\u00e3o anexa, ser\u00e3o tratadas de acordo com a nossa Pol\u00edtica de Prote\u00e7\u00e3o de Dados e enquadram-se nos termos da Lei n.\u00ba 4\/2019 de 10 de janeiro.<\/em><\/p>\t\t\t\t\t\t\t\t<\/div>\n\t\t\t\t<\/div>\n\t\t\t\t<\/div>\n\t\t<div class=\"elementor-element elementor-element-4aefe71 e-con-full rt-contact-form e-flex rt-parallax-bg-no wpr-particle-no wpr-jarallax-no wpr-parallax-no wpr-sticky-section-no wpr-equal-height-no e-con e-child\" data-id=\"4aefe71\" data-element_type=\"container\" data-e-type=\"container\">\n\t\t\t\t<div class=\"elementor-element elementor-element-d196a83 fluentform-widget-submit-button-custom elementor-widget elementor-widget-fluent-form-widget\" data-id=\"d196a83\" data-element_type=\"widget\" data-e-type=\"widget\" data-widget_type=\"fluent-form-widget.default\">\n\t\t\t\t<div class=\"elementor-widget-container\">\n\t\t\t\t\t\n            <div class=\"fluentform-widget-wrapper fluentform-widget-align-default\">\n\n                            <div class=\"fluentform-widget-heading\">\n                                        <h3 class=\"fluentform-widget-title\">\n                        Formul\u00e1rio de Recrutamento                    <\/h3>\n                                                            <p class=\"fluentform-widget-description\">\n                        Preencha o formul\u00e1rio para enviar a sua candidatura.<br>Se pretender enviar o seu <b>curr\u00edculo<\/b> por favor envie directamente uma mensagem para o <b>e-mail dispon\u00edvel<\/b>.<br> Responderemos o mais breve poss\u00edvel.                    <\/p>\n                                    <\/div>\n            \n            <div class='fluentform ff-default fluentform_wrapper_7 ffs_default_wrap'><form data-form_id=\"7\" id=\"fluentform_7\" class=\"frm-fluent-form fluent_form_7 ff-el-form-top ff_form_instance_7_1 ff-form-loading ffs_default\" data-form_instance=\"ff_form_instance_7_1\" method=\"POST\" ><fieldset  style=\"border: none!important;margin: 0!important;padding: 0!important;background-color: transparent!important;box-shadow: none!important;outline: none!important; min-inline-size: 100%;\">\n                    <legend class=\"ff_screen_reader_title\" style=\"display: block; margin: 0!important;padding: 0!important;height: 0!important;text-indent: -999999px;width: 0!important;overflow:hidden;\">Recrutamento<\/legend><input type='hidden' name='__fluent_form_embded_post_id' value='12070' \/><input type=\"hidden\" id=\"_fluentform_7_fluentformnonce\" name=\"_fluentform_7_fluentformnonce\" value=\"24351fbc75\" \/><input type=\"hidden\" name=\"_wp_http_referer\" value=\"\/en\/wp-json\/wp\/v2\/pages\/12070\" \/><div data-name=\"ff_cn_id_1\"  class='ff-t-container ff-column-container ff_columns_total_2 '><div class='ff-t-cell ff-t-column-1' style='flex-basis: 50%;'><div data-type=\"name-element\" data-name=\"names\" class=\" ff-field_container ff-name-field-wrapper\" ><div class='ff-t-container'><div class='ff-t-cell '><div class='ff-el-group ff-el-form-top'><div class='ff-el-input--content'><input type=\"text\" name=\"names[first_name]\" id=\"ff_7_names_first_name_\" class=\"ff-el-form-control\" placeholder=\"Nome\" aria-invalid=\"false\" aria-required=true><\/div><\/div><\/div><\/div><\/div><\/div><div class='ff-t-cell ff-t-column-2' style='flex-basis: 50%;'><div class='ff-el-group'><div class='ff-el-input--content'><input type=\"email\" name=\"email_1\" id=\"ff_7_email_1\" class=\"ff-el-form-control\" placeholder=\"E-mail\" data-name=\"email_1\"  aria-invalid=\"false\" aria-required=true><\/div><\/div><\/div><\/div><div class='ff-el-group'><div class='ff-el-input--content'><input type=\"text\" name=\"input_text\" class=\"ff-el-form-control\" placeholder=\"Assunto\" data-name=\"input_text\" id=\"ff_7_input_text\"  aria-invalid=\"false\" aria-required=true><\/div><\/div><div class='ff-el-group'><div class='ff-el-input--content'><textarea aria-required=\"true\" aria-labelledby=\"label_ff_7_description\" name=\"description\" id=\"ff_7_description\" class=\"ff-el-form-control\" placeholder=\"Mensagem\" rows=\"3\" cols=\"2\" data-name=\"description\" ><\/textarea><\/div><\/div><div class='ff-el-group    ff-el-input--content'><div class='ff-el-form-check ff-el-tc'><label aria-label='Terms and Conditions: Declaro que li e aceito Pol\u00edtica de Prote\u00e7\u00e3o de Dados Pessoais e de Privacidade Contains 1 link. Use tab navigation to review.' class='ff-el-form-check-label ff_tc_label' for=terms-n-condition_1_e034ffb24a94a43e07625bd055aaa210><span class='ff_tc_checkbox'><input type=\"checkbox\" name=\"terms-n-condition_1\" class=\"ff-el-form-check-input\" data-name=\"terms-n-condition_1\" id=\"terms-n-condition_1_e034ffb24a94a43e07625bd055aaa210\"  value='on' aria-invalid='false' aria-required=false><\/span> <div class='ff_t_c'><p>Declaro que li e aceito <span style=\"color: #99cc00\"><a style=\"color: #99cc00\" href=\"https:\/\/www.dicargo.pt\/politica-privacidade\/\">Pol\u00edtica de Prote\u00e7\u00e3o de Dados Pessoais e de Privacidade<\/a><\/span><\/p><\/div><\/label><\/div><\/div><div class='ff-el-group ' ><div class='ff-el-input--content'><div data-fluent_id='7' name='g-recaptcha-response'><div\n\t\tdata-sitekey='6LdBnvoqAAAAAEtYqJVy1bvS3cZSbP4LGDpLs23n'\n\t\tid='fluentform-recaptcha-7-1'\n\t\tclass='ff-el-recaptcha g-recaptcha'\n\t\tdata-callback='fluentFormrecaptchaSuccessCallback'><\/div><\/div><\/div><\/div><div class='ff-el-group ff-text-left ff_submit_btn_wrapper'><button type=\"submit\" class=\"ff-btn ff-btn-submit ff-btn-md ff_btn_style\"  aria-label=\"Enviar\">Enviar <i class=\"icon-send\"><\/i><\/button><\/div><\/fieldset><\/form><div id='fluentform_7_errors' class='ff-errors-in-stack ff_form_instance_7_1 ff-form-loading_errors ff_form_instance_7_1_errors'><\/div><\/div>            <script type=\"text\/javascript\">\n                window.fluent_form_ff_form_instance_7_1 = {\"id\":\"7\",\"settings\":{\"layout\":{\"labelPlacement\":\"top\",\"helpMessagePlacement\":\"with_label\",\"errorMessagePlacement\":\"inline\",\"cssClassName\":\"\",\"asteriskPlacement\":\"asterisk-right\"},\"restrictions\":{\"denyEmptySubmission\":{\"enabled\":false}}},\"form_instance\":\"ff_form_instance_7_1\",\"form_id_selector\":\"fluentform_7\",\"rules\":{\"names[first_name]\":{\"required\":{\"value\":true,\"message\":\"Este campo \\u00e9 de preenchimento obrigat\\u00f3rio\",\"global_message\":\"This field is required\",\"global\":false}},\"names[middle_name]\":{\"required\":{\"value\":false,\"message\":\"This field is required\",\"global_message\":\"This field is required\",\"global\":true}},\"names[last_name]\":{\"required\":{\"value\":false,\"message\":\"This field is required\",\"global_message\":\"This field is required\",\"global\":true}},\"email_1\":{\"required\":{\"value\":true,\"message\":\"Este campo \\u00e9 de preenchimento obrigat\\u00f3rio\",\"global_message\":\"This field is required\",\"global\":false},\"email\":{\"value\":true,\"message\":\"E-mail invalido\",\"global_message\":\"This field must contain a valid email\",\"global\":false}},\"input_text\":{\"required\":{\"value\":true,\"message\":\"Este campo \\u00e9 de preenchimento obrigat\\u00f3rio\",\"global_message\":\"This field is required\",\"global\":false}},\"description\":{\"required\":{\"value\":true,\"message\":\"Este campo \\u00e9 de preenchimento obrigat\\u00f3rio\",\"global_message\":\"This field is required\",\"global\":false}},\"terms-n-condition_1\":{\"required\":{\"value\":false,\"message\":\"This field is required\",\"global_message\":\"This field is required\",\"global\":true}},\"g-recaptcha-response\":[]},\"debounce_time\":300};\n                            <\/script>\n                        <\/div>\n\n            \t\t\t\t<\/div>\n\t\t\t\t<\/div>\n\t\t\t\t<\/div>\n\t\t\t\t<\/div>\n\t\t\t\t<\/div>\n\t\t\t\t\t<\/div>\n\t\t\t\t<\/div>\n\t\t\t\t<\/div>\n\t\t","protected":false},"excerpt":{"rendered":"<p>Home \u00a0\u25cf \u00a0RECRUTAMENTO Junte-se \u00e0 nossa equipa.Envie-nos um e-mail ou preencha o formul\u00e1rio dispon\u00edvel para se candidatar \u00e0 oportunidade apresentada ou submeter uma candidatura espont\u00e2nea. Entraremos em contacto com a maior brevidade poss\u00edvel. Oportunidade Motorista de transportes pesados de mercadorias Requisitos \u2022 Din\u00e2mico e respons\u00e1vel; \u2022 Carta de condu\u00e7\u00e3o CE (Pesados articulados); \u2022 Forma\u00e7\u00e3o m\u00ednima 9\u00ba ano de escolaridade; \u2022 CQM. Oferece-se \u2022 Condi\u00e7\u00f5es de remunera\u00e7\u00e3o acima da m\u00e9dia; \u2022 Forma\u00e7\u00e3o cont\u00ednua; \u2022 Integra\u00e7\u00e3o numa equipa s\u00f3lida e din\u00e2mica. E-MAIL PARA ENVIO DE CANDIDATURAS recrutamento@dicargo.pt As candidaturas \u00e0s nossas ofertas de emprego, assim como toda a informa\u00e7\u00e3o anexa, ser\u00e3o tratadas de acordo com a nossa Pol\u00edtica de Prote\u00e7\u00e3o de Dados e enquadram-se nos termos da Lei n.\u00ba 4\/2019 de 10 de janeiro. Formul\u00e1rio de Recrutamento Preencha o formul\u00e1rio para enviar a sua candidatura.Se pretender enviar o seu curr\u00edculo por favor envie directamente uma mensagem para o e-mail dispon\u00edvel. Responderemos o mais breve poss\u00edvel. Recrutamento Anexar ficheiro: Declaro que li e aceito Pol\u00edtica de Prote\u00e7\u00e3o de Dados Pessoais e de Privacidade Enviar<\/p>","protected":false},"author":1,"featured_media":0,"parent":0,"menu_order":0,"comment_status":"closed","ping_status":"closed","template":"elementor_header_footer","meta":{"footnotes":""},"class_list":["post-12070","page","type-page","status-publish","hentry"],"_links":{"self":[{"href":"https:\/\/www.dicargo.pt\/en\/wp-json\/wp\/v2\/pages\/12070","targetHints":{"allow":["GET"]}}],"collection":[{"href":"https:\/\/www.dicargo.pt\/en\/wp-json\/wp\/v2\/pages"}],"about":[{"href":"https:\/\/www.dicargo.pt\/en\/wp-json\/wp\/v2\/types\/page"}],"author":[{"embeddable":true,"href":"https:\/\/www.dicargo.pt\/en\/wp-json\/wp\/v2\/users\/1"}],"replies":[{"embeddable":true,"href":"https:\/\/www.dicargo.pt\/en\/wp-json\/wp\/v2\/comments?post=12070"}],"version-history":[{"count":13,"href":"https:\/\/www.dicargo.pt\/en\/wp-json\/wp\/v2\/pages\/12070\/revisions"}],"predecessor-version":[{"id":12084,"href":"https:\/\/www.dicargo.pt\/en\/wp-json\/wp\/v2\/pages\/12070\/revisions\/12084"}],"wp:attachment":[{"href":"https:\/\/www.dicargo.pt\/en\/wp-json\/wp\/v2\/media?parent=12070"}],"curies":[{"name":"wp","href":"https:\/\/api.w.org\/{rel}","templated":true}]}}