{"id":11551,"date":"2025-03-18T17:23:41","date_gmt":"2025-03-18T17:23:41","guid":{"rendered":"https:\/\/www.dicargo.pt\/?page_id=11551"},"modified":"2025-03-24T11:33:19","modified_gmt":"2025-03-24T11:33:19","slug":"contactos","status":"publish","type":"page","link":"https:\/\/www.dicargo.pt\/en\/contactos\/","title":{"rendered":"Contacts"},"content":{"rendered":"\t\t<div data-elementor-type=\"wp-page\" data-elementor-id=\"11551\" class=\"elementor elementor-11551\">\n\t\t\t\t<div class=\"elementor-element elementor-element-e0f7427 e-flex e-con-boxed rt-parallax-bg-no wpr-particle-no wpr-jarallax-no wpr-parallax-no wpr-sticky-section-no wpr-equal-height-no e-con e-parent\" data-id=\"e0f7427\" data-element_type=\"container\" data-e-type=\"container\" data-settings=\"{&quot;background_background&quot;:&quot;classic&quot;}\">\n\t\t\t\t\t<div class=\"e-con-inner\">\n\t\t\t\t<div class=\"elementor-element elementor-element-10bec64 elementor-widget elementor-widget-text-editor\" data-id=\"10bec64\" data-element_type=\"widget\" data-e-type=\"widget\" data-widget_type=\"text-editor.default\">\n\t\t\t\t<div class=\"elementor-widget-container\">\n\t\t\t\t\t\t\t\t\t<p><a style=\"color: #00562d;\" href=\"https:\/\/www.dicargo.pt\/home\/\">Home<\/a> \u00a0\u25cf \u00a0<strong>CONTACTOS<\/strong><\/p>\t\t\t\t\t\t\t\t<\/div>\n\t\t\t\t<\/div>\n\t\t\t\t\t<\/div>\n\t\t\t\t<\/div>\n\t\t<div class=\"elementor-element elementor-element-f4d13e5 e-flex e-con-boxed rt-parallax-bg-no wpr-particle-no wpr-jarallax-no wpr-parallax-no wpr-sticky-section-no wpr-equal-height-no e-con e-parent\" data-id=\"f4d13e5\" data-element_type=\"container\" data-e-type=\"container\">\n\t\t\t\t\t<div class=\"e-con-inner\">\n\t\t<div class=\"elementor-element elementor-element-ff6058f e-con-full e-flex rt-parallax-bg-no wpr-particle-no wpr-jarallax-no wpr-parallax-no wpr-sticky-section-no wpr-equal-height-no e-con e-child\" data-id=\"ff6058f\" data-element_type=\"container\" data-e-type=\"container\">\n\t\t\t\t<div class=\"elementor-element elementor-element-2677c8f elementor-invisible elementor-widget elementor-widget-rt-info-box\" data-id=\"2677c8f\" data-element_type=\"widget\" data-e-type=\"widget\" data-widget_type=\"rt-info-box.default\">\n\t\t\t\t<div class=\"elementor-widget-container\">\n\t\t\t\t\t\r\n<div class=\"rt-info-box rt-info-layout-3\">\r\n    <div class=\"info-box wow bounceInUp\" data-wow-delay=\"300ms\" data-wow-duration=\"1200ms\">\r\n\t                <div class=\"info-icon-holder icon-holder\">\r\n                <div class=\"info-icon\">\r\n\t\t\t\t    <i aria-hidden=\"true\" class=\" icon-delivery\"><\/i>                <\/div>\r\n            <\/div>\r\n\t    \r\n        <div class=\"info-content-holder\">\r\n\t\t\t            <h3 class=\"info-title\"><a >Tr\u00e1fego<\/a><\/h3>\r\n\t                                    <div class=\"content-holder\"><p><a>(+351) 939 500 140 *<\/a><br>\n<a>(+351) 232 650 020 **<\/a><br>\n<a href=\"mailto:miguel.angelo@dicargo.pt\">miguel.angelo@dicargo.pt<\/a><\/p><\/div>\r\n                                <\/div>\r\n    <\/div>\r\n<\/div>\t\t\t\t<\/div>\n\t\t\t\t<\/div>\n\t\t\t\t<\/div>\n\t\t<div class=\"elementor-element elementor-element-241e305 e-con-full e-flex rt-parallax-bg-no wpr-particle-no wpr-jarallax-no wpr-parallax-no wpr-sticky-section-no wpr-equal-height-no e-con e-child\" data-id=\"241e305\" data-element_type=\"container\" data-e-type=\"container\">\n\t\t\t\t<div class=\"elementor-element elementor-element-0959e3d elementor-invisible elementor-widget elementor-widget-rt-info-box\" data-id=\"0959e3d\" data-element_type=\"widget\" data-e-type=\"widget\" data-widget_type=\"rt-info-box.default\">\n\t\t\t\t<div class=\"elementor-widget-container\">\n\t\t\t\t\t\r\n<div class=\"rt-info-box rt-info-layout-3\">\r\n    <div class=\"info-box wow bounceInUp\" data-wow-delay=\"300ms\" data-wow-duration=\"1200ms\">\r\n\t                <div class=\"info-icon-holder icon-holder\">\r\n                <div class=\"info-icon\">\r\n\t\t\t\t    <i aria-hidden=\"true\" class=\" icon-delivery\"><\/i>                <\/div>\r\n            <\/div>\r\n\t    \r\n        <div class=\"info-content-holder\">\r\n\t\t\t            <h3 class=\"info-title\"><a >Tr\u00e1fego<\/a><\/h3>\r\n\t                                    <div class=\"content-holder\"><p><a>(+351) 911 500 330 *<\/a><br>\n<a>(+351) 232 650 020 **<\/a><br>\n<a href=\"mailto:falcaoa@dicargo.pt\">falcaoa@dicargo.pt<\/a>\n<\/p><\/div>\r\n                                <\/div>\r\n    <\/div>\r\n<\/div>\t\t\t\t<\/div>\n\t\t\t\t<\/div>\n\t\t\t\t<\/div>\n\t\t<div class=\"elementor-element elementor-element-216e51f e-con-full e-flex rt-parallax-bg-no wpr-particle-no wpr-jarallax-no wpr-parallax-no wpr-sticky-section-no wpr-equal-height-no e-con e-child\" data-id=\"216e51f\" data-element_type=\"container\" data-e-type=\"container\">\n\t\t\t\t<div class=\"elementor-element elementor-element-bf7f248 elementor-invisible elementor-widget elementor-widget-rt-info-box\" data-id=\"bf7f248\" data-element_type=\"widget\" data-e-type=\"widget\" data-widget_type=\"rt-info-box.default\">\n\t\t\t\t<div class=\"elementor-widget-container\">\n\t\t\t\t\t\r\n<div class=\"rt-info-box rt-info-layout-3\">\r\n    <div class=\"info-box wow bounceInUp\" data-wow-delay=\"300ms\" data-wow-duration=\"1200ms\">\r\n\t                <div class=\"info-icon-holder icon-holder\">\r\n                <div class=\"info-icon\">\r\n\t\t\t\t    <i aria-hidden=\"true\" class=\" icon-request-a-quote\"><\/i>                <\/div>\r\n            <\/div>\r\n\t    \r\n        <div class=\"info-content-holder\">\r\n\t\t\t            <h3 class=\"info-title\"><a >Fatura\u00e7\u00e3o<\/a><\/h3>\r\n\t                                    <div class=\"content-holder\"><p><a>(+351) 939 111 030 *<\/a><br>\n<a>(+351) 232 657 000 **<\/a><br>\n<a href=\"mailto:antonio.martins@dicargo.pt\">antonio.martins@dicargo.pt<\/a><\/p><\/div>\r\n                                <\/div>\r\n    <\/div>\r\n<\/div>\t\t\t\t<\/div>\n\t\t\t\t<\/div>\n\t\t\t\t<\/div>\n\t\t<div class=\"elementor-element elementor-element-0c16a81 e-con-full e-flex rt-parallax-bg-no wpr-particle-no wpr-jarallax-no wpr-parallax-no wpr-sticky-section-no wpr-equal-height-no e-con e-child\" data-id=\"0c16a81\" data-element_type=\"container\" data-e-type=\"container\">\n\t\t\t\t<div class=\"elementor-element elementor-element-54c7592 elementor-invisible elementor-widget elementor-widget-rt-info-box\" data-id=\"54c7592\" data-element_type=\"widget\" data-e-type=\"widget\" data-widget_type=\"rt-info-box.default\">\n\t\t\t\t<div class=\"elementor-widget-container\">\n\t\t\t\t\t\r\n<div class=\"rt-info-box rt-info-layout-3\">\r\n    <div class=\"info-box wow bounceInUp\" data-wow-delay=\"300ms\" data-wow-duration=\"1200ms\">\r\n\t                <div class=\"info-icon-holder icon-holder\">\r\n                <div class=\"info-icon\">\r\n\t\t\t\t    <i aria-hidden=\"true\" class=\" icon-storage\"><\/i>                <\/div>\r\n            <\/div>\r\n\t    \r\n        <div class=\"info-content-holder\">\r\n\t\t\t            <h3 class=\"info-title\"><a >Geral<\/a><\/h3>\r\n\t                                    <div class=\"content-holder\"><p><a>(+351)  232 650 020 **<\/a><br>\n-\n<br><a href=\"mailto:dicargo@dicargo.pt\">dicargo@dicargo.pt<\/a><\/p><\/div>\r\n                                <\/div>\r\n    <\/div>\r\n<\/div>\t\t\t\t<\/div>\n\t\t\t\t<\/div>\n\t\t\t\t<\/div>\n\t\t\t\t\t<\/div>\n\t\t\t\t<\/div>\n\t\t<div class=\"elementor-element elementor-element-e01fd66 e-flex e-con-boxed rt-parallax-bg-no wpr-particle-no wpr-jarallax-no wpr-parallax-no wpr-sticky-section-no wpr-equal-height-no e-con e-parent\" data-id=\"e01fd66\" data-element_type=\"container\" data-e-type=\"container\">\n\t\t\t\t\t<div class=\"e-con-inner\">\n\t\t<div class=\"elementor-element elementor-element-748d02f e-con-full e-flex rt-parallax-bg-no wpr-particle-no wpr-jarallax-no wpr-parallax-no wpr-sticky-section-no wpr-equal-height-no e-con e-child\" data-id=\"748d02f\" data-element_type=\"container\" data-e-type=\"container\">\n\t\t\t\t<div class=\"elementor-element elementor-element-de6ac30 elementor-widget elementor-widget-text-editor\" data-id=\"de6ac30\" data-element_type=\"widget\" data-e-type=\"widget\" data-widget_type=\"text-editor.default\">\n\t\t\t\t<div class=\"elementor-widget-container\">\n\t\t\t\t\t\t\t\t\t* Chamada para rede m\u00f3vel nacional\n<br>\n** Chamada para rede fixa nacional\t\t\t\t\t\t\t\t<\/div>\n\t\t\t\t<\/div>\n\t\t\t\t<\/div>\n\t\t\t\t\t<\/div>\n\t\t\t\t<\/div>\n\t\t<div class=\"elementor-element elementor-element-bdd8a4f e-flex e-con-boxed rt-parallax-bg-no wpr-particle-no wpr-jarallax-no wpr-parallax-no wpr-sticky-section-no wpr-equal-height-no e-con e-parent\" data-id=\"bdd8a4f\" data-element_type=\"container\" data-e-type=\"container\">\n\t\t\t\t\t<div class=\"e-con-inner\">\n\t\t<div class=\"elementor-element elementor-element-97cbc98 e-con-full e-flex rt-parallax-bg-no wpr-particle-no wpr-jarallax-no wpr-parallax-no wpr-sticky-section-no wpr-equal-height-no e-con e-child\" data-id=\"97cbc98\" data-element_type=\"container\" data-e-type=\"container\" data-settings=\"{&quot;background_background&quot;:&quot;classic&quot;}\">\n\t\t<div class=\"elementor-element elementor-element-71dad45 e-con-full e-flex rt-parallax-bg-no wpr-particle-no wpr-jarallax-no wpr-parallax-no wpr-sticky-section-no wpr-equal-height-no e-con e-child\" data-id=\"71dad45\" data-element_type=\"container\" data-e-type=\"container\" data-settings=\"{&quot;background_background&quot;:&quot;classic&quot;}\">\n\t\t<div class=\"elementor-element elementor-element-0fb5f19 e-con-full e-flex rt-parallax-bg-no wpr-particle-no wpr-jarallax-no wpr-parallax-no wpr-sticky-section-no wpr-equal-height-no e-con e-child\" data-id=\"0fb5f19\" data-element_type=\"container\" data-e-type=\"container\">\n\t\t\t\t<div class=\"elementor-element elementor-element-90fc7cd elementor-invisible elementor-widget elementor-widget-rt-contact-info\" data-id=\"90fc7cd\" data-element_type=\"widget\" data-e-type=\"widget\" data-widget_type=\"rt-contact-info.default\">\n\t\t\t\t<div class=\"elementor-widget-container\">\n\t\t\t\t\t\r\n\r\n<div class=\"rt-contact-info wow-off fadeInUp\" data-wow-delay=\"200ms\" data-wow-duration=\"1200ms\">\r\n    <div class=\"content-holder\">\r\n                    <h3 class=\"info-title\">Sede<\/h3>\r\n                            <p> DICARGO TRANSPORTES, LDA.<\/p>\r\n                <ul class=\"contact-list list-vertical\">\r\n            \r\n            <li class=\"list \">\r\n                                                            <i aria-hidden=\"true\" class=\" icon-map-pin\"><\/i>                                                                                Rua Dr. Ant\u00f3nio J\u00falio, n\u00ba 24 <br>6300-552 Guarda, Portugal                            <\/li>\r\n            \r\n            <li class=\"list \">\r\n                                                            <i aria-hidden=\"true\" class=\" icon-tag\"><\/i>                                                                                NIF PT506025411                            <\/li>\r\n            \r\n            <li class=\"list phone-no\">\r\n                                                            <i aria-hidden=\"true\" class=\" icon-phone\"><\/i>                                                                                <a href=\"tel:(+351) 232 657 000\">(+351) 232 657 000<\/a>\r\n                            <\/li>\r\n                    <\/ul>\r\n    <\/div>\r\n<\/div>\t\t\t\t<\/div>\n\t\t\t\t<\/div>\n\t\t\t\t<div class=\"elementor-element elementor-element-ab65ed7 elementor-widget elementor-widget-text-editor\" data-id=\"ab65ed7\" data-element_type=\"widget\" data-e-type=\"widget\" data-widget_type=\"text-editor.default\">\n\t\t\t\t<div class=\"elementor-widget-container\">\n\t\t\t\t\t\t\t\t\t<p>Chamada para rede fixa Nacional<\/p>\t\t\t\t\t\t\t\t<\/div>\n\t\t\t\t<\/div>\n\t\t\t\t<\/div>\n\t\t<div class=\"elementor-element elementor-element-4aefe71 e-con-full rt-contact-form e-flex rt-parallax-bg-no wpr-particle-no wpr-jarallax-no wpr-parallax-no wpr-sticky-section-no wpr-equal-height-no e-con e-child\" data-id=\"4aefe71\" data-element_type=\"container\" data-e-type=\"container\">\n\t\t\t\t<div class=\"elementor-element elementor-element-d196a83 fluentform-widget-submit-button-custom elementor-widget elementor-widget-fluent-form-widget\" data-id=\"d196a83\" data-element_type=\"widget\" data-e-type=\"widget\" data-widget_type=\"fluent-form-widget.default\">\n\t\t\t\t<div class=\"elementor-widget-container\">\n\t\t\t\t\t\n            <div class=\"fluentform-widget-wrapper fluentform-widget-align-default\">\n\n                            <div class=\"fluentform-widget-heading\">\n                                        <h3 class=\"fluentform-widget-title\">\n                        Formul\u00e1rio de Contacto                    <\/h3>\n                                                            <p class=\"fluentform-widget-description\">\n                        Estamos \u00e0 sua disposi\u00e7\u00e3o! Preencha o formul\u00e1rio e entraremos em contacto o mais breve poss\u00edvel.                    <\/p>\n                                    <\/div>\n            \n            <div class='fluentform ff-default fluentform_wrapper_6 ffs_default_wrap'><form data-form_id=\"6\" id=\"fluentform_6\" class=\"frm-fluent-form fluent_form_6 ff-el-form-top ff_form_instance_6_1 ff-form-loading ffs_default\" data-form_instance=\"ff_form_instance_6_1\" method=\"POST\" ><fieldset  style=\"border: none!important;margin: 0!important;padding: 0!important;background-color: transparent!important;box-shadow: none!important;outline: none!important; min-inline-size: 100%;\">\n                    <legend class=\"ff_screen_reader_title\" style=\"display: block; margin: 0!important;padding: 0!important;height: 0!important;text-indent: -999999px;width: 0!important;overflow:hidden;\">Contact Form 02<\/legend><input type='hidden' name='__fluent_form_embded_post_id' value='11551' \/><input type=\"hidden\" id=\"_fluentform_6_fluentformnonce\" name=\"_fluentform_6_fluentformnonce\" value=\"7acdb2961c\" \/><input type=\"hidden\" name=\"_wp_http_referer\" value=\"\/en\/wp-json\/wp\/v2\/pages\/11551\" \/><div data-name=\"ff_cn_id_1\"  class='ff-t-container ff-column-container ff_columns_total_2 '><div class='ff-t-cell ff-t-column-1' style='flex-basis: 50%;'><div data-type=\"name-element\" data-name=\"names\" class=\" ff-field_container ff-name-field-wrapper\" ><div class='ff-t-container'><div class='ff-t-cell '><div class='ff-el-group ff-el-form-top'><div class='ff-el-input--content'><input type=\"text\" name=\"names[first_name]\" id=\"ff_6_names_first_name_\" class=\"ff-el-form-control\" placeholder=\"Nome\" aria-invalid=\"false\" aria-required=true><\/div><\/div><\/div><\/div><\/div><\/div><div class='ff-t-cell ff-t-column-2' style='flex-basis: 50%;'><div class='ff-el-group'><div class='ff-el-input--content'><input type=\"email\" name=\"email_1\" id=\"ff_6_email_1\" class=\"ff-el-form-control\" placeholder=\"E-mail\" data-name=\"email_1\"  aria-invalid=\"false\" aria-required=true><\/div><\/div><\/div><\/div><div class='ff-el-group'><div class='ff-el-input--content'><input type=\"text\" name=\"input_text\" class=\"ff-el-form-control\" placeholder=\"Assunto\" data-name=\"input_text\" id=\"ff_6_input_text\"  aria-invalid=\"false\" aria-required=true><\/div><\/div><div class='ff-el-group'><div class='ff-el-input--content'><textarea aria-required=\"true\" aria-labelledby=\"label_ff_6_description\" name=\"description\" id=\"ff_6_description\" class=\"ff-el-form-control\" placeholder=\"Mensagem\" rows=\"3\" cols=\"2\" data-name=\"description\" ><\/textarea><\/div><\/div><div class='ff-el-group ' ><div class='ff-el-input--content'><div data-fluent_id='6' name='g-recaptcha-response'><div\n\t\tdata-sitekey='6LdBnvoqAAAAAEtYqJVy1bvS3cZSbP4LGDpLs23n'\n\t\tid='fluentform-recaptcha-6-1'\n\t\tclass='ff-el-recaptcha g-recaptcha'\n\t\tdata-callback='fluentFormrecaptchaSuccessCallback'><\/div><\/div><\/div><\/div><div class='ff-el-group ff-text-left ff_submit_btn_wrapper'><button type=\"submit\" class=\"ff-btn ff-btn-submit ff-btn-md ff_btn_style\"  aria-label=\"Enviar\">Enviar <i class=\"icon-send\"><\/i><\/button><\/div><\/fieldset><\/form><div id='fluentform_6_errors' class='ff-errors-in-stack ff_form_instance_6_1 ff-form-loading_errors ff_form_instance_6_1_errors'><\/div><\/div>            <script type=\"text\/javascript\">\n                window.fluent_form_ff_form_instance_6_1 = {\"id\":\"6\",\"settings\":{\"layout\":{\"labelPlacement\":\"top\",\"helpMessagePlacement\":\"with_label\",\"errorMessagePlacement\":\"inline\",\"cssClassName\":\"\",\"asteriskPlacement\":\"asterisk-right\"},\"restrictions\":{\"denyEmptySubmission\":{\"enabled\":false}}},\"form_instance\":\"ff_form_instance_6_1\",\"form_id_selector\":\"fluentform_6\",\"rules\":{\"names[first_name]\":{\"required\":{\"value\":true,\"message\":\"Este campo \\u00e9 de preenchimento obrigat\\u00f3rio\",\"global_message\":\"This field is required\",\"global\":false}},\"names[middle_name]\":{\"required\":{\"value\":false,\"message\":\"This field is required\",\"global_message\":\"This field is required\",\"global\":true}},\"names[last_name]\":{\"required\":{\"value\":false,\"message\":\"This field is required\",\"global_message\":\"This field is required\",\"global\":true}},\"email_1\":{\"required\":{\"value\":true,\"message\":\"Este campo \\u00e9 de preenchimento obrigat\\u00f3rio\",\"global_message\":\"This field is required\",\"global\":false},\"email\":{\"value\":true,\"message\":\"E-mail invalido\",\"global_message\":\"This field must contain a valid email\",\"global\":false}},\"input_text\":{\"required\":{\"value\":true,\"message\":\"Este campo \\u00e9 de preenchimento obrigat\\u00f3rio\",\"global_message\":\"This field is required\",\"global\":false}},\"description\":{\"required\":{\"value\":true,\"message\":\"Este campo \\u00e9 de preenchimento obrigat\\u00f3rio\",\"global_message\":\"This field is required\",\"global\":false}},\"g-recaptcha-response\":[]},\"debounce_time\":300};\n                            <\/script>\n                        <\/div>\n\n            \t\t\t\t<\/div>\n\t\t\t\t<\/div>\n\t\t\t\t<\/div>\n\t\t\t\t<\/div>\n\t\t\t\t<\/div>\n\t\t\t\t\t<\/div>\n\t\t\t\t<\/div>\n\t\t<div class=\"elementor-element elementor-element-7fb2efd e-flex e-con-boxed rt-parallax-bg-no wpr-particle-no wpr-jarallax-no wpr-parallax-no wpr-sticky-section-no wpr-equal-height-no e-con e-parent\" data-id=\"7fb2efd\" data-element_type=\"container\" data-e-type=\"container\">\n\t\t\t\t\t<div class=\"e-con-inner\">\n\t\t<div class=\"elementor-element elementor-element-5c180e9 e-con-full e-flex rt-parallax-bg-no wpr-particle-no wpr-jarallax-no wpr-parallax-no wpr-sticky-section-no wpr-equal-height-no e-con e-child\" data-id=\"5c180e9\" data-element_type=\"container\" data-e-type=\"container\" data-settings=\"{&quot;background_background&quot;:&quot;classic&quot;}\">\n\t\t<div class=\"elementor-element elementor-element-3168d22 e-con-full e-flex rt-parallax-bg-no wpr-particle-no wpr-jarallax-no wpr-parallax-no wpr-sticky-section-no wpr-equal-height-no e-con e-child\" data-id=\"3168d22\" data-element_type=\"container\" data-e-type=\"container\" data-settings=\"{&quot;background_background&quot;:&quot;classic&quot;}\">\n\t\t<div class=\"elementor-element elementor-element-cb52d34 e-con-full e-flex rt-parallax-bg-no wpr-particle-no wpr-jarallax-no wpr-parallax-no wpr-sticky-section-no wpr-equal-height-no e-con e-child\" data-id=\"cb52d34\" data-element_type=\"container\" data-e-type=\"container\">\n\t\t\t\t<div class=\"elementor-element elementor-element-dc556c4 elementor-invisible elementor-widget elementor-widget-rt-contact-info\" data-id=\"dc556c4\" data-element_type=\"widget\" data-e-type=\"widget\" data-widget_type=\"rt-contact-info.default\">\n\t\t\t\t<div class=\"elementor-widget-container\">\n\t\t\t\t\t\r\n\r\n<div class=\"rt-contact-info wow-off fadeInUp\" data-wow-delay=\"200ms\" data-wow-duration=\"1200ms\">\r\n    <div class=\"content-holder\">\r\n                    <h3 class=\"info-title\">Correspond\u00eancia e Faturas<\/h3>\r\n                        <ul class=\"contact-list list-vertical\">\r\n            \r\n            <li class=\"list \">\r\n                                                            <i aria-hidden=\"true\" class=\" icon-map-pin\"><\/i>                                                                                EN 16, n.\u00ba 4 <br>3530-031 Ch\u00e3s de Tavares<br>Mangualde, Portugal                            <\/li>\r\n                    <\/ul>\r\n    <\/div>\r\n<\/div>\t\t\t\t<\/div>\n\t\t\t\t<\/div>\n\t\t\t\t<\/div>\n\t\t<div class=\"elementor-element elementor-element-a336dd6 e-con-full rt-contact-form e-flex rt-parallax-bg-no wpr-particle-no wpr-jarallax-no wpr-parallax-no wpr-sticky-section-no wpr-equal-height-no e-con e-child\" data-id=\"a336dd6\" data-element_type=\"container\" data-e-type=\"container\">\n\t\t\t\t<div class=\"elementor-element elementor-element-1cd61bc elementor-invisible elementor-widget elementor-widget-rt-contact-info\" data-id=\"1cd61bc\" data-element_type=\"widget\" data-e-type=\"widget\" data-widget_type=\"rt-contact-info.default\">\n\t\t\t\t<div class=\"elementor-widget-container\">\n\t\t\t\t\t\r\n\r\n<div class=\"rt-contact-info wow-off fadeInUp\" data-wow-delay=\"200ms\" data-wow-duration=\"1200ms\">\r\n    <div class=\"content-holder\">\r\n                    <h3 class=\"info-title\">Dados Banc\u00e1rios<\/h3>\r\n                        <ul class=\"contact-list list-vertical\">\r\n            \r\n            <li class=\"list \">\r\n                                                                                                                                            Banco: Caixa Geral de Dep\u00f3sitos<br> NIB: PT50 0035 2038 00030505630 05<br> SWIFT: CGDIPTPL                            <\/li>\r\n                    <\/ul>\r\n    <\/div>\r\n<\/div>\t\t\t\t<\/div>\n\t\t\t\t<\/div>\n\t\t\t\t<\/div>\n\t\t\t\t<\/div>\n\t\t\t\t<\/div>\n\t\t\t\t\t<\/div>\n\t\t\t\t<\/div>\n\t\t\t\t<\/div>\n\t\t","protected":false},"excerpt":{"rendered":"<p>Home \u00a0\u25cf \u00a0CONTACTOS Tr\u00e1fego (+351) 939 500 140 * (+351) 232 650 020 ** miguel.angelo@dicargo.pt Tr\u00e1fego (+351) 911 500 330 * (+351) 232 650 020 ** falcaoa@dicargo.pt Fatura\u00e7\u00e3o (+351) 939 111 030 * (+351) 232 657 000 ** antonio.martins@dicargo.pt Geral (+351) 232 650 020 ** &#8211; dicargo@dicargo.pt * Chamada para rede m\u00f3vel nacional ** Chamada para rede fixa nacional Sede DICARGO TRANSPORTES, LDA. Rua Dr. Ant\u00f3nio J\u00falio, n\u00ba 24 6300-552 Guarda, Portugal NIF PT506025411 (+351) 232 657 000 Chamada para rede fixa Nacional Formul\u00e1rio de Contacto Estamos \u00e0 sua disposi\u00e7\u00e3o! Preencha o formul\u00e1rio e entraremos em contacto o mais breve poss\u00edvel. Contact Form 02 Enviar Correspond\u00eancia e Faturas EN 16, n.\u00ba 4 3530-031 Ch\u00e3s de TavaresMangualde, Portugal Dados Banc\u00e1rios Banco: Caixa Geral de Dep\u00f3sitos NIB: PT50 0035 2038 00030505630 05 SWIFT: CGDIPTPL<\/p>","protected":false},"author":1,"featured_media":0,"parent":0,"menu_order":0,"comment_status":"closed","ping_status":"closed","template":"elementor_header_footer","meta":{"footnotes":""},"class_list":["post-11551","page","type-page","status-publish","hentry"],"_links":{"self":[{"href":"https:\/\/www.dicargo.pt\/en\/wp-json\/wp\/v2\/pages\/11551","targetHints":{"allow":["GET"]}}],"collection":[{"href":"https:\/\/www.dicargo.pt\/en\/wp-json\/wp\/v2\/pages"}],"about":[{"href":"https:\/\/www.dicargo.pt\/en\/wp-json\/wp\/v2\/types\/page"}],"author":[{"embeddable":true,"href":"https:\/\/www.dicargo.pt\/en\/wp-json\/wp\/v2\/users\/1"}],"replies":[{"embeddable":true,"href":"https:\/\/www.dicargo.pt\/en\/wp-json\/wp\/v2\/comments?post=11551"}],"version-history":[{"count":34,"href":"https:\/\/www.dicargo.pt\/en\/wp-json\/wp\/v2\/pages\/11551\/revisions"}],"predecessor-version":[{"id":11897,"href":"https:\/\/www.dicargo.pt\/en\/wp-json\/wp\/v2\/pages\/11551\/revisions\/11897"}],"wp:attachment":[{"href":"https:\/\/www.dicargo.pt\/en\/wp-json\/wp\/v2\/media?parent=11551"}],"curies":[{"name":"wp","href":"https:\/\/api.w.org\/{rel}","templated":true}]}}